{"id":888,"date":"2022-10-04T12:07:42","date_gmt":"2022-10-04T10:07:42","guid":{"rendered":"https:\/\/arm.assisi-spa.it\/contacts\/"},"modified":"2024-03-05T11:48:16","modified_gmt":"2024-03-05T10:48:16","slug":"contacts","status":"publish","type":"page","link":"https:\/\/arm.assisi-spa.it\/fr\/contacts\/","title":{"rendered":"Contacts"},"content":{"rendered":"\n<p>Nos contacts<\/p>\n\n\n\n<!--more-->\n\n\n<div  class=\"wp-block wp-block-bootstrap-blocks-row bootstrap-blocks-builder_5adebd-d9 \"><div class=\"row\">\n<div  class=\"col-xs-12 col-sm-12 col-md-4 col-lg-4 col-xl-4 \"><div class=\"bs-column-wrapper bootstrap-blocks-builder_08a3b0-9b \">\n\n<p>Via Roma 55 &#8211; 25030<br>Maclodio (BS) \u2013 Italy<br><br>T. +39 030 9787396<br>F. +39 030 9787570<\/p>\n\n\n\n<p><small>Pour envoyer un signalement d&#8217;alerte, acc\u00e9dez \u00e0 notre plateforme de signalement s\u00e9curis\u00e9e conforme au d\u00e9cret l\u00e9gislatif. 24\/2023 (D\u00e9cret d&#8217;alerte), en cliquant sur le lien suivant <a href=\"https:\/\/arm.integrityline.com\" target=\"_blank\" rel=\"noreferrer noopener\">arm.integrityline.com<\/a><\/small><\/p>\n\n<\/div><\/div>\n\n<div  class=\"col-xs-12 col-sm-12 col-md-8 col-lg-8 col-xl-8 \"><div class=\"bs-column-wrapper bootstrap-blocks-builder_a9d55b-51 \">\n\n\n<div class=\"wpcf7 no-js\" id=\"wpcf7-f265-o1\" lang=\"it-IT\" dir=\"ltr\" data-wpcf7-id=\"265\">\n<div class=\"screen-reader-response\"><p role=\"status\" aria-live=\"polite\" aria-atomic=\"true\"><\/p> <ul><\/ul><\/div>\n<form action=\"\/fr\/wp-json\/wp\/v2\/pages\/888#wpcf7-f265-o1\" method=\"post\" class=\"wpcf7-form init\" aria-label=\"Contact form\" novalidate=\"novalidate\" data-status=\"init\">\n<fieldset class=\"hidden-fields-container\"><input type=\"hidden\" name=\"_wpcf7\" value=\"265\" \/><input type=\"hidden\" name=\"_wpcf7_version\" value=\"6.1.5\" \/><input type=\"hidden\" name=\"_wpcf7_locale\" value=\"it_IT\" \/><input type=\"hidden\" name=\"_wpcf7_unit_tag\" value=\"wpcf7-f265-o1\" \/><input type=\"hidden\" name=\"_wpcf7_container_post\" value=\"0\" \/><input type=\"hidden\" name=\"_wpcf7_posted_data_hash\" value=\"\" \/><input type=\"hidden\" name=\"_wpcf7_recaptcha_response\" value=\"\" \/>\n<\/fieldset>\n<div class=\"row g-3 align-items-center mb-3\">\n\t<div class=\"col-lg-3\">\n\t\t<p><label for=\"nome\" class=\"col-form-label\">Nome<\/label>\n\t\t<\/p>\n\t<\/div>\n\t<div class=\"col-lg-9\">\n\t\t<p><span class=\"wpcf7-form-control-wrap\" data-name=\"nome\"><input size=\"40\" maxlength=\"400\" class=\"wpcf7-form-control wpcf7-text wpcf7-validates-as-required form-control\" aria-required=\"true\" aria-invalid=\"false\" value=\"\" type=\"text\" name=\"nome\" \/><\/span>\n\t\t<\/p>\n\t<\/div>\n<\/div>\n<div class=\"row g-3 align-items-center mb-3\">\n\t<div class=\"col-lg-3\">\n\t\t<p><label for=\"cognome\" class=\"col-form-label\">Cognome<\/label>\n\t\t<\/p>\n\t<\/div>\n\t<div class=\"col-lg-9\">\n\t\t<p><span class=\"wpcf7-form-control-wrap\" data-name=\"cognome\"><input size=\"40\" maxlength=\"400\" class=\"wpcf7-form-control wpcf7-text wpcf7-validates-as-required form-control\" aria-required=\"true\" aria-invalid=\"false\" value=\"\" type=\"text\" name=\"cognome\" \/><\/span>\n\t\t<\/p>\n\t<\/div>\n<\/div>\n<div class=\"row g-3 align-items-center mb-3\">\n\t<div class=\"col-lg-3\">\n\t\t<p><label for=\"email\" class=\"col-form-label\">E-mail<\/label>\n\t\t<\/p>\n\t<\/div>\n\t<div class=\"col-lg-9\">\n\t\t<p><span class=\"wpcf7-form-control-wrap\" data-name=\"email\"><input size=\"40\" maxlength=\"400\" class=\"wpcf7-form-control wpcf7-email wpcf7-validates-as-required wpcf7-text wpcf7-validates-as-email form-control\" aria-required=\"true\" aria-invalid=\"false\" value=\"\" type=\"email\" name=\"email\" \/><\/span>\n\t\t<\/p>\n\t<\/div>\n<\/div>\n<div class=\"row g-3 align-items-center mb-3\">\n\t<div class=\"col-lg-3\">\n\t\t<p><label for=\"oggetto\" class=\"col-form-label\">Oggetto<\/label>\n\t\t<\/p>\n\t<\/div>\n\t<div class=\"col-lg-9\">\n\t\t<p><span class=\"wpcf7-form-control-wrap\" data-name=\"oggetto\"><input size=\"40\" maxlength=\"400\" class=\"wpcf7-form-control wpcf7-text wpcf7-validates-as-required form-control\" aria-required=\"true\" aria-invalid=\"false\" value=\"\" type=\"text\" name=\"oggetto\" \/><\/span>\n\t\t<\/p>\n\t<\/div>\n<\/div>\n<div class=\"row g-3 align-items-center mb-3\">\n\t<div class=\"col-lg-3\">\n\t\t<p><label for=\"messaggio\" class=\"col-form-label\">Messaggio<\/label>\n\t\t<\/p>\n\t<\/div>\n\t<div class=\"col-lg-9\">\n\t\t<p><span class=\"wpcf7-form-control-wrap\" data-name=\"messaggio\"><textarea cols=\"40\" rows=\"10\" maxlength=\"2000\" class=\"wpcf7-form-control wpcf7-textarea wpcf7-validates-as-required form-control\" aria-required=\"true\" aria-invalid=\"false\" name=\"messaggio\"><\/textarea><\/span>\n\t\t<\/p>\n\t<\/div>\n<\/div>\n<div class=\"row g-3 align-items-center mb-3\">\n\t<div class=\"col-lg-12 text-end\">\n\t\t<p><span class=\"wpcf7-form-control-wrap\" data-name=\"consenso\"><span class=\"wpcf7-form-control wpcf7-acceptance\"><span class=\"wpcf7-list-item\"><label><input type=\"checkbox\" name=\"consenso\" value=\"1\" aria-invalid=\"false\" \/><span class=\"wpcf7-list-item-label\">Ho letto la <a href=\"\/privacy-policy\">privacy policy<\/a> e acconsento al trattamento dei dati<\/span><\/label><\/span><\/span><\/span><br \/>\n<span class=\"wpcf7-form-control-wrap\" data-name=\"quiz-62\"><label><span class=\"wpcf7-quiz-label\">8-2?<\/span> <input size=\"40\" class=\"wpcf7-form-control wpcf7-quiz\" autocomplete=\"off\" aria-required=\"true\" aria-invalid=\"false\" type=\"text\" name=\"quiz-62\" \/><\/label><input type=\"hidden\" name=\"_wpcf7_quiz_answer_quiz-62\" value=\"75a522a1b21d1bdcd833390ab15e9f0e\" \/><\/span>\n\t\t<\/p>\n\t<\/div>\n<\/div>\n<div class=\"row g-3 align-items-center mb-3\">\n\t<div class=\"col-lg-12 text-end\">\n\t\t<p><input class=\"wpcf7-form-control wpcf7-submit has-spinner\" type=\"submit\" value=\"Send\" \/>\n\t\t<\/p>\n\t<\/div>\n<\/div><div class=\"wpcf7-response-output\" aria-hidden=\"true\"><\/div>\n<\/form>\n<\/div>\n\n\n<\/div><\/div>\n<\/div><\/div>","protected":false},"excerpt":{"rendered":"<p>Nos contacts<\/p>\n","protected":false},"author":1,"featured_media":0,"parent":0,"menu_order":6,"comment_status":"closed","ping_status":"closed","template":"","meta":{"footnotes":""},"class_list":["post-888","page","type-page","status-publish","hentry"],"_links":{"self":[{"href":"https:\/\/arm.assisi-spa.it\/fr\/wp-json\/wp\/v2\/pages\/888","targetHints":{"allow":["GET"]}}],"collection":[{"href":"https:\/\/arm.assisi-spa.it\/fr\/wp-json\/wp\/v2\/pages"}],"about":[{"href":"https:\/\/arm.assisi-spa.it\/fr\/wp-json\/wp\/v2\/types\/page"}],"author":[{"embeddable":true,"href":"https:\/\/arm.assisi-spa.it\/fr\/wp-json\/wp\/v2\/users\/1"}],"replies":[{"embeddable":true,"href":"https:\/\/arm.assisi-spa.it\/fr\/wp-json\/wp\/v2\/comments?post=888"}],"version-history":[{"count":4,"href":"https:\/\/arm.assisi-spa.it\/fr\/wp-json\/wp\/v2\/pages\/888\/revisions"}],"predecessor-version":[{"id":2078,"href":"https:\/\/arm.assisi-spa.it\/fr\/wp-json\/wp\/v2\/pages\/888\/revisions\/2078"}],"wp:attachment":[{"href":"https:\/\/arm.assisi-spa.it\/fr\/wp-json\/wp\/v2\/media?parent=888"}],"curies":[{"name":"wp","href":"https:\/\/api.w.org\/{rel}","templated":true}]}}