{"id":884,"date":"2022-10-04T12:07:03","date_gmt":"2022-10-04T10:07:03","guid":{"rendered":"https:\/\/arm.assisi-spa.it\/durabilite\/"},"modified":"2025-10-16T12:06:21","modified_gmt":"2025-10-16T10:06:21","slug":"durabilite","status":"publish","type":"page","link":"https:\/\/arm.assisi-spa.it\/fr\/durabilite\/","title":{"rendered":"Durabilit\u00e9"},"content":{"rendered":"\n<p>La s\u00e9curit\u00e9 avant tout<\/p>\n\n\n\n<!--more-->\n\n\n\n<p>La durabilit\u00e9 est au centre du processus de croissance d\u2019Assisi Recycling Maclodio, qui, avec Assisi Raffineria Metalli, s\u2019engage \u00e0 mettre en \u0153uvre des politiques d\u2019entreprise visant \u00e0 poursuivre des objectifs concrets en termes d\u2019environnement, de soci\u00e9t\u00e9 et de gouvernance.D\u00e8s 2022, le Groupe ADH a d\u00e9cid\u00e9 de rendre compte \u00e0 ses parties prenantes des activi-t\u00e9s r\u00e9alis\u00e9es et des r\u00e9sultats obtenus, dans une cha\u00eene de production de qualit\u00e9 et de plus en plus attentive \u00e0 l\u2019environnement et aux hommes.<\/p>\n\n\n\r\n\t\t<div  class=\"block-51aad62b-b8bf-4dfd-bebf-413bd223027c row areoi-element\">\r\n\t\t\t\r\n\r\n\t\t\t\n\r\n\t\t<div  class=\"block-a86ba5c9-2a7f-435c-affc-c7a8813b6fcf col areoi-element text-left\">\r\n\t\t\t\r\n\t\t\t\n\r\n\t\t\t\t\r\n\t\t<a \r\n\t\t\t\r\n\t\t\tclass=\"block-a5e01230-bc98-42ad-b642-fafe2c360745 btn areoi-has-url position-relative rounded-pill text-uppercase mb-3 btn-outline-light Medium\"\r\n\t href=\"https:\/\/arm.assisi-spa.it\/wp-content\/uploads\/2025\/10\/ADH-BdS-2024-ENG-WEB.pdf\" rel=\"noreferrer noopener\" target=\"_blank\" >\r\n\t\t\t\t\t\r\n\t\t\t\t\tRAPPORT DE D\u00c9VELOPPEMENT DURABLE 2024 \r\n\t\t\t\t\t\r\n\t\t\t<i class=\"bi-download ms-3 align-middle \" style=\"font-size: 24px;\"><\/i>\r\n\t\t\r\n\t\t\t\t\t \r\n\t\t\t\t<\/a>\r\n\t\t\t\n \r\n\t\t\t\r\n\t\t<\/div>\r\n\t\n\n\r\n\t\t<div  class=\"block-ab4cc310-972d-4c70-8a74-e872293afac3 col areoi-element text-left\">\r\n\t\t\t\r\n\t\t\t\n\r\n\t\t\t\t\r\n\t\t<a \r\n\t\t\t\r\n\t\t\tclass=\"block-6f5d8eef-29d9-4369-b1c6-0c8e81bbd281 btn areoi-has-url position-relative rounded-pill text-uppercase mb-3 btn-outline-light Medium\"\r\n\t href=\"https:\/\/arm.assisi-spa.it\/wp-content\/uploads\/2025\/10\/ADH_SLIDES-Report-Sostenibilita-2024-ENG_14.10.2025.pdf\" rel=\"noreferrer noopener\" target=\"_blank\" >\r\n\t\t\t\t\t\r\n\t\t\t\t\tHIGHLIGHTS 2024 \r\n\t\t\t\t\t\r\n\t\t\t<i class=\"bi-download ms-3 align-middle \" style=\"font-size: 24px;\"><\/i>\r\n\t\t\r\n\t\t\t\t\t \r\n\t\t\t\t<\/a>\r\n\t\t\t\n \r\n\t\t\t\r\n\t\t<\/div>\r\n\t\n\n\r\n\t\t<div  class=\"block-3f17700c-2688-481e-a7e8-a441082dabf3 col areoi-element text-left\">\r\n\t\t\t\r\n\t\t\t\n\r\n\t\t\t\t\r\n\t\t<a \r\n\t\t\t\r\n\t\t\tclass=\"block-3c6c70f5-38bf-4737-bc9e-fd4e79ace12b btn areoi-has-url position-relative rounded-pill text-uppercase mb-3 btn-outline-light Medium\"\r\n\t href=\"https:\/\/arm.assisi-spa.it\/wp-content\/uploads\/2024\/09\/adh-bilancio-2023-eng-web-aff.pdf\" rel=\"noreferrer noopener\" target=\"_blank\" >\r\n\t\t\t\t\t\r\n\t\t\t\t\tARCHIVE \r\n\t\t\t\t\t\r\n\t\t\t<i class=\"bi-download ms-3 align-middle \" style=\"font-size: 24px;\"><\/i>\r\n\t\t\r\n\t\t\t\t\t \r\n\t\t\t\t<\/a>\r\n\t\t\t\n \r\n\t\t\t\r\n\t\t<\/div>\r\n\t\n \r\n\t\t<\/div>\r\n\t\n\n\n\n<p>L&#8217;utilisation d&#8217;aluminium recycl\u00e9 garantit un impact moindre sur l&#8217;environnement, la consommation d&#8217;\u00e9nergie et les \u00e9missions de CO2 \u00e9tant r\u00e9duites d&#8217;au moins 90 % par rapport \u00e0 l&#8217;utilisation d&#8217;aluminium primaire. Depuis 2020, Aluminium Recycling Maclodio a \u00e9t\u00e9 structur\u00e9 pour fonctionner avec des fournitures d&#8217;oxyg\u00e8ne par oxyduc, ce qui conduit \u00e0 un impact environnemental nul du transport routier de l&#8217;oxyg\u00e8ne de proc\u00e9d\u00e9.<\/p>\n\n\n<div class=\"wp-block-areoi-icon areoi-icon  float-start me-3\"><i class=\"text-light bi-recycle \" style=\"font-size:36px\"><\/i><\/div>\n\n\n<p class=\"float-strat\">L&#8217;aluminium produit par Aluminium Recycling Maclodio<br>provient enti\u00e8rement du recyclage, il est \u00e9galement 100 % recyclable.<\/p>\n\n\n<div style=\"height:60px\" aria-hidden=\"true\" class=\"wp-block-spacer\"><\/div>\n\n\n<h2 class=\"wp-block-heading\" style=\"font-size:78px\">Certifications et autorisations<\/h2>\n\n\n<div style=\"height:30px\" aria-hidden=\"true\" class=\"wp-block-spacer\"><\/div>\n\n<div  class=\"wp-block wp-block-bootstrap-blocks-row bootstrap-blocks-builder_506129-c9 \"><div class=\"row\">\n<div  class=\"col-xs-12 col-sm-12 col-md-4 col-lg-4 col-xl-4 \"><div class=\"bs-column-wrapper bootstrap-blocks-builder_038370-a1 \">\n\n<figure class=\"wp-block-image size-full\"><img loading=\"lazy\" decoding=\"async\" width=\"556\" height=\"210\" src=\"https:\/\/arm.assisi-spa.it\/wp-content\/uploads\/2022\/10\/Logo-Ramet.png\" alt=\"\" class=\"wp-image-209\" srcset=\"https:\/\/arm.assisi-spa.it\/wp-content\/uploads\/2022\/10\/Logo-Ramet.png 556w, https:\/\/arm.assisi-spa.it\/wp-content\/uploads\/2022\/10\/Logo-Ramet-300x113.png 300w\" sizes=\"auto, (max-width: 556px) 100vw, 556px\" \/><\/figure>\n\n<\/div><\/div>\n<div  class=\"col-xs-12 col-sm-12 col-md-8 col-lg-8 col-xl-8 \"><div class=\"bs-column-wrapper bootstrap-blocks-builder_5d28e0-6f \">\n\n<p>Assisi Raffineria Metalli et Aluminium Recycling Maclodio<br>sont les associ\u00e9s de RAMET, une soci\u00e9t\u00e9 fond\u00e9e en 2005 au sein de l&#8217;Associazione Industriale Bresciana -&gt; Ramet promeut les \u00e9tudes et la recherche sur les nouvelles technologies et l&#8217;impact des activit\u00e9s de production sur le territoire.<\/p>\n\n<\/div><\/div>\n<\/div><\/div>\n\n<div style=\"height:30px\" aria-hidden=\"true\" class=\"wp-block-spacer\"><\/div>\n\n<div  class=\"wp-block wp-block-bootstrap-blocks-row bootstrap-blocks-builder_673c16-56 riga-loghi\"><div class=\"row\">\n<div  class=\"col-xs-12 col-sm-12 col-md-6 col-lg-2 col-xl-2 d-none d-sm-none d-md-none d-lg-none d-xl-none \"><div class=\"bs-column-wrapper bootstrap-blocks-builder_57b6e2-0e \">\n\n<figure class=\"wp-block-image size-full is-resized\"><img loading=\"lazy\" decoding=\"async\" width=\"240\" height=\"193\" src=\"https:\/\/arm.assisi-spa.it\/wp-content\/uploads\/2022\/10\/Certificazione1.png\" alt=\"\" class=\"wp-image-204\" style=\"width:140px;height:112px\"\/><\/figure>\n\n\r\n\t\t\t\t\r\n\t\t<a \r\n\t\t\t\r\n\t\t\tclass=\"block-a8a1e413-a70f-46be-a864-80288a17dbee btn areoi-has-url position-relative rounded-pill text-uppercase btn-outline-light btn-sm\"\r\n\t href=\"#\" rel=\"noreferrer noopener\" target=\"_blank\" >\r\n\t\t\t\t\t\r\n\t\t\t\t\tUNI EN ISO \r\n\t\t\t\t\t\r\n\t\t\t<i class=\"bi-download ms-3 align-middle \" style=\"font-size: 24px;\"><\/i>\r\n\t\t\r\n\t\t\t\t\t \r\n\t\t\t\t<\/a>\r\n\t\t\t\n<\/div><\/div>\n<div  class=\"col-xs-12 col-sm-12 col-md-6 col-lg-2 col-xl-2 \"><div class=\"bs-column-wrapper bootstrap-blocks-builder_1f3634-27 \">\n\n<figure class=\"wp-block-image size-thumbnail is-resized\"><a href=\"https:\/\/arm.assisi-spa.it\/wp-content\/uploads\/2023\/04\/Certificate-IT306830-ASSISI-RECYCLING-MACLODIO-S.P.A.-ISO-9001-VER.-2-FRA.pdf\" target=\"_blank\" rel=\"noreferrer noopener\"><img loading=\"lazy\" decoding=\"async\" width=\"150\" height=\"150\" src=\"https:\/\/arm.assisi-spa.it\/wp-content\/uploads\/2022\/10\/Certificazione2-150x150.png\" alt=\"\" class=\"wp-image-205\" style=\"width:112px;height:112px\"\/><\/a><\/figure>\n\n\r\n\t\t\t\t\r\n\t\t<a \r\n\t\t\t\r\n\t\t\tclass=\"block-024c7a03-ee1f-43c3-a6fa-77c4a4889c6e btn areoi-has-url position-relative rounded-pill text-uppercase btn-outline-light btn-sm\"\r\n\t href=\"https:\/\/arm.assisi-spa.it\/wp-content\/uploads\/2023\/04\/Certificate-IT306830-ASSISI-RECYCLING-MACLODIO-S.P.A.-ISO-9001-VER.-2-FRA.pdf\" rel=\"noreferrer noopener\" target=\"_blank\" >\r\n\t\t\t\t\t\r\n\t\t\t\t\tISO 9001 \r\n\t\t\t\t\t\r\n\t\t\t<i class=\"bi-download ms-3 align-middle \" style=\"font-size: 24px;\"><\/i>\r\n\t\t\r\n\t\t\t\t\t \r\n\t\t\t\t<\/a>\r\n\t\t\t\n<\/div><\/div>\n<div  class=\"col-xs-12 col-sm-12 col-md-6 col-lg-2 col-xl-2 d-none d-sm-none d-md-none d-lg-none d-xl-none \"><div class=\"bs-column-wrapper bootstrap-blocks-builder_1ffebb-1b \">\n\n<figure class=\"wp-block-image size-full is-resized\"><img loading=\"lazy\" decoding=\"async\" width=\"211\" height=\"207\" src=\"https:\/\/arm.assisi-spa.it\/wp-content\/uploads\/2022\/10\/Certificazione3.png\" alt=\"\" class=\"wp-image-206\" style=\"width:110px;height:112px\"\/><\/figure>\n\n\r\n\t\t\t\t\r\n\t\t<a \r\n\t\t\t\r\n\t\t\tclass=\"block-8fc512cf-913f-4319-911e-fe33801e62f6 btn areoi-has-url position-relative rounded-pill text-uppercase btn-outline-light btn-sm\"\r\n\t href=\"#\" rel=\"noreferrer noopener\" target=\"_blank\" >\r\n\t\t\t\t\t\r\n\t\t\t\t\tIGQ \r\n\t\t\t\t\t\r\n\t\t\t<i class=\"bi-download ms-3 align-middle \" style=\"font-size: 24px;\"><\/i>\r\n\t\t\r\n\t\t\t\t\t \r\n\t\t\t\t<\/a>\r\n\t\t\t\n<\/div><\/div>\n<div  class=\"col-xs-12 col-sm-12 col-md-6 col-lg-2 col-xl-2 d-none d-sm-none d-md-none d-lg-none d-xl-none text-center\"><div class=\"bs-column-wrapper bootstrap-blocks-builder_3de482-ee \">\n\n<figure class=\"wp-block-image size-full\"><a href=\"https:\/\/arm.assisi-spa.it\/wp-content\/uploads\/2023\/02\/Certificazione-ECOVADIS.png\" target=\"_blank\" rel=\"noreferrer noopener\"><img loading=\"lazy\" decoding=\"async\" width=\"227\" height=\"227\" src=\"https:\/\/arm.assisi-spa.it\/wp-content\/uploads\/2023\/02\/Certificazione-ECOVADIS.png\" alt=\"\" class=\"wp-image-648\" srcset=\"https:\/\/arm.assisi-spa.it\/wp-content\/uploads\/2023\/02\/Certificazione-ECOVADIS.png 227w, https:\/\/arm.assisi-spa.it\/wp-content\/uploads\/2023\/02\/Certificazione-ECOVADIS-150x150.png 150w\" sizes=\"auto, (max-width: 227px) 100vw, 227px\" \/><\/a><\/figure>\n\n\r\n\t\t\t\t\r\n\t\t<a \r\n\t\t\t\r\n\t\t\tclass=\"block-dac9cca2-2dc7-4f8f-a84f-b7dd92546cec btn areoi-has-url position-relative rounded-pill text-uppercase btn-outline-light btn-sm\"\r\n\t href=\"https:\/\/arm.assisi-spa.it\/wp-content\/uploads\/2023\/02\/Certificazione-ECOVADIS.png\" rel=\"noreferrer noopener\" target=\"_blank\" >\r\n\t\t\t\t\t\r\n\t\t\t\t\tECOVADIS \r\n\t\t\t\t\t\r\n\t\t\t<i class=\"bi-download ms-3 align-middle \" style=\"font-size: 24px;\"><\/i>\r\n\t\t\r\n\t\t\t\t\t \r\n\t\t\t\t<\/a>\r\n\t\t\t\n<\/div><\/div>\n<div  class=\"col-xs-12 col-sm-12 col-md-3 col-lg-3 col-xl-3 text-center\"><div class=\"bs-column-wrapper bootstrap-blocks-builder_af648e-81 \">\n\n<figure class=\"wp-block-image size-large\"><img loading=\"lazy\" decoding=\"async\" width=\"952\" height=\"1024\" src=\"https:\/\/arm.assisi-spa.it\/wp-content\/uploads\/2023\/11\/logo-carbon-footprint-negativo-952x1024.png\" alt=\"\" class=\"wp-image-1927\" srcset=\"https:\/\/arm.assisi-spa.it\/wp-content\/uploads\/2023\/11\/logo-carbon-footprint-negativo-952x1024.png 952w, https:\/\/arm.assisi-spa.it\/wp-content\/uploads\/2023\/11\/logo-carbon-footprint-negativo-279x300.png 279w, https:\/\/arm.assisi-spa.it\/wp-content\/uploads\/2023\/11\/logo-carbon-footprint-negativo-768x826.png 768w, https:\/\/arm.assisi-spa.it\/wp-content\/uploads\/2023\/11\/logo-carbon-footprint-negativo.png 1394w\" sizes=\"auto, (max-width: 952px) 100vw, 952px\" \/><\/figure>\n\n\r\n\t\t\t\t\r\n\t\t<a \r\n\t\t\t\r\n\t\t\tclass=\"block-4ed2ed7b-4144-4a22-afa8-06cbb3a684a6 btn areoi-has-url position-relative rounded-pill text-uppercase mb-3 btn-outline-light Medium\"\r\n\t href=\"https:\/\/arm.assisi-spa.it\/wp-content\/uploads\/2024\/07\/2024_CARBON-FOOTPRINT-QUANTIFICATION-EN.pdf\" rel=\"noreferrer noopener\" target=\"_blank\" >\r\n\t\t\t\t\t\r\n\t\t\t\t\tCARBON FOOTPRINT \r\n\t\t\t\t\t\r\n\t\t\t<i class=\"bi-download ms-3 align-middle \" style=\"font-size: 36px;\"><\/i>\r\n\t\t\r\n\t\t\t\t\t \r\n\t\t\t\t<\/a>\r\n\t\t\t\n<\/div><\/div>\n<div  class=\"col-xs-12 col-sm-12 col-md-3 col-lg-3 col-xl-2 text-center\"><div class=\"bs-column-wrapper bootstrap-blocks-builder_af648e-81 \">\n\n<figure class=\"wp-block-image size-full\"><img loading=\"lazy\" decoding=\"async\" width=\"382\" height=\"382\" src=\"https:\/\/arm.assisi-spa.it\/wp-content\/uploads\/2023\/11\/logo-simbolo-moca-x-web.png\" alt=\"\" class=\"wp-image-1935\" srcset=\"https:\/\/arm.assisi-spa.it\/wp-content\/uploads\/2023\/11\/logo-simbolo-moca-x-web.png 382w, https:\/\/arm.assisi-spa.it\/wp-content\/uploads\/2023\/11\/logo-simbolo-moca-x-web-300x300.png 300w, https:\/\/arm.assisi-spa.it\/wp-content\/uploads\/2023\/11\/logo-simbolo-moca-x-web-150x150.png 150w\" sizes=\"auto, (max-width: 382px) 100vw, 382px\" \/><\/figure>\n\n<\/div><\/div>\n<div  class=\"col-xs-12 col-sm-12 col-md-3 col-lg-3 col-xl-2 text-center\"><div class=\"bs-column-wrapper bootstrap-blocks-builder_af648e-81 \">\n\n<figure class=\"wp-block-image size-full\"><img loading=\"lazy\" decoding=\"async\" width=\"1024\" height=\"1024\" src=\"https:\/\/arm.assisi-spa.it\/wp-content\/uploads\/2023\/11\/logo-ecovadis_bronze-per-web.png\" alt=\"\" class=\"wp-image-1931\" srcset=\"https:\/\/arm.assisi-spa.it\/wp-content\/uploads\/2023\/11\/logo-ecovadis_bronze-per-web.png 1024w, https:\/\/arm.assisi-spa.it\/wp-content\/uploads\/2023\/11\/logo-ecovadis_bronze-per-web-300x300.png 300w, https:\/\/arm.assisi-spa.it\/wp-content\/uploads\/2023\/11\/logo-ecovadis_bronze-per-web-150x150.png 150w, https:\/\/arm.assisi-spa.it\/wp-content\/uploads\/2023\/11\/logo-ecovadis_bronze-per-web-768x768.png 768w\" sizes=\"auto, (max-width: 1024px) 100vw, 1024px\" \/><\/figure>\n\n<\/div><\/div>\n<\/div><\/div>\n","protected":false},"excerpt":{"rendered":"<p>La s\u00e9curit\u00e9 avant tout<\/p>\n","protected":false},"author":1,"featured_media":0,"parent":0,"menu_order":4,"comment_status":"closed","ping_status":"closed","template":"","meta":{"footnotes":""},"class_list":["post-884","page","type-page","status-publish","hentry"],"_links":{"self":[{"href":"https:\/\/arm.assisi-spa.it\/fr\/wp-json\/wp\/v2\/pages\/884","targetHints":{"allow":["GET"]}}],"collection":[{"href":"https:\/\/arm.assisi-spa.it\/fr\/wp-json\/wp\/v2\/pages"}],"about":[{"href":"https:\/\/arm.assisi-spa.it\/fr\/wp-json\/wp\/v2\/types\/page"}],"author":[{"embeddable":true,"href":"https:\/\/arm.assisi-spa.it\/fr\/wp-json\/wp\/v2\/users\/1"}],"replies":[{"embeddable":true,"href":"https:\/\/arm.assisi-spa.it\/fr\/wp-json\/wp\/v2\/comments?post=884"}],"version-history":[{"count":23,"href":"https:\/\/arm.assisi-spa.it\/fr\/wp-json\/wp\/v2\/pages\/884\/revisions"}],"predecessor-version":[{"id":2851,"href":"https:\/\/arm.assisi-spa.it\/fr\/wp-json\/wp\/v2\/pages\/884\/revisions\/2851"}],"wp:attachment":[{"href":"https:\/\/arm.assisi-spa.it\/fr\/wp-json\/wp\/v2\/media?parent=884"}],"curies":[{"name":"wp","href":"https:\/\/api.w.org\/{rel}","templated":true}]}}