{"id":880,"date":"2022-10-04T12:05:32","date_gmt":"2022-10-04T10:05:32","guid":{"rendered":"https:\/\/arm.assisi-spa.it\/qualite\/"},"modified":"2026-01-29T09:31:45","modified_gmt":"2026-01-29T08:31:45","slug":"qualite","status":"publish","type":"page","link":"https:\/\/arm.assisi-spa.it\/fr\/qualite\/","title":{"rendered":"QUALIT\u00c9"},"content":{"rendered":"<p>Nous offrons toujours la meilleure qualit\u00e9<br \/><!--more--><\/p>\n\n\n<p>Ensemble pour \u00eatre meilleurs, ensemble pour offrir le maximum. L&#8217;histoire et la solidit\u00e9 d&#8217;Assisi Raffineria Metalli s&#8217;allient \u00e0 la fra\u00eecheur et au dynamisme d&#8217;Assisi Recycling Maclodio, garantissant \u00e0 la fois s\u00e9rieux et innovation.<\/p>\n\n\n\n<div style=\"height:60px\" aria-hidden=\"true\" class=\"wp-block-spacer\"><\/div>\n\n\n\r\n\t\t<div  class=\"block-2467bfb9-98bf-4983-83ee-1b855f093efb row areoi-element\">\r\n\t\t\t\r\n\r\n\t\t\t\n\r\n\t\t<div  class=\"block-bb5d9db4-ae6e-4fec-84e3-eddac32b1f6a col areoi-element text-center\">\r\n\t\t\t\r\n\t\t\t\n\n<figure class=\"wp-block-image size-full is-resized\"><img loading=\"lazy\" decoding=\"async\" width=\"144\" height=\"195\" src=\"https:\/\/arm.assisi-spa.it\/wp-content\/uploads\/2022\/10\/icona-moderne-linee-fusorie.png\" alt=\"\" class=\"wp-image-93\" style=\"width:72px;height:98px\"\/><\/figure>\n\n\n\n<h2 class=\"wp-block-heading\">Lignes<br>de fusion modernes<\/h2>\n\n \r\n\t\t\t\r\n\t\t<\/div>\r\n\t\n\n\r\n\t\t<div  class=\"block-6d17cc1c-17c9-4cb3-a85d-390d48dacf8a col areoi-element text-center\">\r\n\t\t\t\r\n\t\t\t\n\n<figure class=\"wp-block-image size-full is-resized\"><img loading=\"lazy\" decoding=\"async\" width=\"170\" height=\"195\" src=\"https:\/\/arm.assisi-spa.it\/wp-content\/uploads\/2022\/10\/icona-rottami-selezionati.png\" alt=\"\" class=\"wp-image-94\" style=\"width:85px;height:98px\"\/><\/figure>\n\n\n\n<h2 class=\"wp-block-heading\">Ferrailles<br>s\u00e9lectionn\u00e9es<\/h2>\n\n \r\n\t\t\t\r\n\t\t<\/div>\r\n\t\n\n\r\n\t\t<div  class=\"block-54cdde74-cd8d-4a17-8174-070d39da0f05 col areoi-element text-center\">\r\n\t\t\t\r\n\t\t\t\n\n<figure class=\"wp-block-image size-full is-resized\"><img loading=\"lazy\" decoding=\"async\" width=\"240\" height=\"175\" src=\"https:\/\/arm.assisi-spa.it\/wp-content\/uploads\/2022\/10\/icona-sicurezza-ambientale.png\" alt=\"\" class=\"wp-image-95\" style=\"width:120px;height:88px\"\/><\/figure>\n\n\n\n<h2 class=\"wp-block-heading\">S\u00e9curit\u00e9<br>environnementale<\/h2>\n\n \r\n\t\t\t\r\n\t\t<\/div>\r\n\t\n \r\n\t\t<\/div>\r\n\t\n\n\n<div style=\"height:60px\" aria-hidden=\"true\" class=\"wp-block-spacer\"><\/div>\n\n\n\r\n\t\t<div  class=\"block-3419cf7c-61a3-47ed-abe9-f8f91eafe8f3 row areoi-element\">\r\n\t\t\t\r\n\r\n\t\t\t\n\r\n\t\t<div  class=\"block-61096549-83e1-438d-8641-423011c25e1a col areoi-element\">\r\n\t\t\t\r\n\t\t\t\n\r\n\t\t<div  class=\"block-9c76ae8c-bdf4-455d-a3ea-302499306581 row areoi-element\">\r\n\t\t\t\r\n\r\n\t\t\t\n\r\n\t\t<div  class=\"block-9708e70b-9301-408c-b2b4-dc8b587f2d0a col areoi-element px-5 py-4 col-12 col-lg-9   text-light\">\r\n\t\t\t\r\n\t\t<div class=\"areoi-background  \">\r\n\t\t\t<div class=\"container-fluid\" style=\"padding: 0;\">\r\n\t\t\t\t<div class=\"row justify-content-start\">\r\n\t\t\t\t\t<div class=\"col \">\r\n\t\t\t            <div class=\"areoi-background__color\" \r\n\t                        \tstyle=\"background: rgba(0, 84, 124,1)\">\r\n\t                        <\/div>\r\n\r\n\t                    \r\n\r\n\t                    \r\n\r\n\t                    \r\n\t    \t\t\t<\/div>\r\n\t    \t\t<\/div>\r\n\t    \t<\/div>\r\n\t    <\/div>\r\n\t\r\n\t\t\t\n\n<p class=\"mb-0\">Qu&#8217;est-ce qui nous fait penser<br>que nous produisons un lingot de qualit\u00e9?<\/p>\n\n \r\n\t\t\t\r\n\t\t<\/div>\r\n\t\n\n\r\n\t\t<div  class=\"block-00aab778-0ba0-49b9-9cd1-541c464f0874 col areoi-element\">\r\n\t\t\t\r\n\t\t\t \r\n\t\t\t\r\n\t\t<\/div>\r\n\t\n \r\n\t\t<\/div>\r\n\t\n\n\r\n\t\t<div  class=\"block-2ece1515-b992-41a5-b984-cf3842ad3876 row areoi-element\">\r\n\t\t\t\r\n\r\n\t\t\t\n\r\n\t\t<div  class=\"block-d499f0fb-c7d1-4c72-b941-37f749e8b809 col areoi-element col-lg-1 d-none d-sm-block\">\r\n\t\t\t\r\n\t\t\t\n\n<p><\/p>\n\n \r\n\t\t\t\r\n\t\t<\/div>\r\n\t\n\n\r\n\t\t<div  class=\"block-04cde5be-9219-4c89-ad84-2ed750dd5300 col areoi-element px-5 py-4 col-12   text-dark\">\r\n\t\t\t\r\n\t\t<div class=\"areoi-background  \">\r\n\t\t\t<div class=\"container-fluid\" style=\"padding: 0;\">\r\n\t\t\t\t<div class=\"row justify-content-start\">\r\n\t\t\t\t\t<div class=\"col \">\r\n\t\t\t            <div class=\"areoi-background__color\" \r\n\t                        \tstyle=\"background: rgba(217, 221, 224,1)\">\r\n\t                        <\/div>\r\n\r\n\t                    \r\n\r\n\t                    \r\n\r\n\t                    \r\n\t    \t\t\t<\/div>\r\n\t    \t\t<\/div>\r\n\t    \t<\/div>\r\n\t    <\/div>\r\n\t\r\n\t\t\t\n\n<p class=\" mb-0\">Nous \u00e9tudions constamment les processus de fusion et de m\u00e9tallurgie afin de disposer d&#8217;un niveau de savoir-faire absolu. Nous investissons dans des lignes de production de pointe dont les performances sont \u00e9valu\u00e9es chaque jour.<\/p>\n\n\n\n<div class=\"wp-block-areoi-icon areoi-icon text-lg-end  mt-n3\"><i class=\"text-primary bi-chevron-right \" style=\"font-size:48px\"><\/i><\/div>\n\n \r\n\t\t\t\r\n\t\t<\/div>\r\n\t\n \r\n\t\t<\/div>\r\n\t\n \r\n\t\t\t\r\n\t\t<\/div>\r\n\t\n\n\r\n\t\t<div  class=\"block-27cc448d-f05c-44c2-9d4b-16abc724c34e col areoi-element px-5 align-self-start\">\r\n\t\t\t\r\n\t\t\t\n\n<p>\u2022 Nous sommes \u00e9quip\u00e9s de filtres CFF qui garantissent diff\u00e9rents niveaux de filtration (10-20-30 PPI et sup\u00e9rieurs).<br>\u2022 Nous v\u00e9rifions la densit\u00e9<br>\u2022 Nous v\u00e9rifions les oxydes \u00e0 l&#8217;aide du test K-molds<br>\u2022 Nos produits b\u00e9n\u00e9ficient de 17 configurations d\u2019emballage et utilisent un PET qui provient int\u00e9gralement de plastique recycl\u00e9.<br>\u2022 Nous discutons et d\u00e9veloppons des projets avec des centres de recherche et des universit\u00e9s.<\/p>\n\n \r\n\t\t\t\r\n\t\t<\/div>\r\n\t\n \r\n\t\t<\/div>\r\n\t\n\n\n<div style=\"height:60px\" aria-hidden=\"true\" class=\"wp-block-spacer\"><\/div>\n\n\n\r\n\t\t<div  class=\"block-9d3e6ba9-91c8-4f5b-88f7-3e1aa3d92870 row areoi-element\">\r\n\t\t\t\r\n\r\n\t\t\t\n\r\n\t\t<div  class=\"block-8b7bafcd-ae54-455f-b86c-ab7604935f34 col areoi-element\">\r\n\t\t\t\r\n\t\t\t\n\n<p>Faut-il \u00e9liminer la pr\u00e9sence d&#8217;oxydes?<br><br>Pour cela, nous disposons d&#8217;un syst\u00e8me de coul\u00e9e moderne qui \u00e9limine les bavures d&#8217;oxyde produites par les roues de coul\u00e9e traditionnelles et de canaux pr\u00e9form\u00e9s pour leur r\u00e9duction ;<br>ces derniers \u00e9liminent \u00e9galement l&#8217;humidit\u00e9.<\/p>\n\n \r\n\t\t\t\r\n\t\t<\/div>\r\n\t\n \r\n\t\t<\/div>\r\n\t\n\n\r\n\t\t<div  class=\"block-e0b9bdc5-b229-44fd-97ff-ccfd55930417 row areoi-element\">\r\n\t\t\t\r\n\r\n\t\t\t\n\r\n\t\t<div  class=\"block-c8c00593-aa1c-411a-87fe-d782de1d5d51 col areoi-element text-center\">\r\n\t\t\t\r\n\t\t\t \r\n\t\t\t\r\n\t\t<\/div>\r\n\t\n\n\r\n\t\t<div  class=\"block-b67ea842-3b71-4c82-8992-ea7282f34418 col areoi-element text-center\">\r\n\t\t\t\r\n\t\t\t\n\n<figure class=\"wp-block-image size-full is-resized\"><img loading=\"lazy\" decoding=\"async\" width=\"150\" height=\"150\" src=\"https:\/\/arm.assisi-spa.it\/wp-content\/uploads\/2024\/07\/logo-ISO-9001.png\" alt=\"\" class=\"wp-image-2418\" style=\"width:112px;height:112px\"\/><\/figure>\n\n\n\r\n\t\t\t\t\r\n\t\t<a \r\n\t\t\t\r\n\t\t\tclass=\"block-d0dc92ed-763d-422e-bbcd-64c9122c1854 btn areoi-has-url position-relative rounded-pill text-uppercase btn-outline-light btn-sm\"\r\n\t href=\"https:\/\/arm.assisi-spa.it\/wp-content\/uploads\/2024\/07\/9001-en.pdf\" rel=\"noreferrer noopener\" target=\"_blank\" >\r\n\t\t\t\t\t\r\n\t\t\t\t\tISO 9001 \r\n\t\t\t\t\t\r\n\t\t\t<i class=\"bi-download ms-3 align-middle \" style=\"font-size: 24px;\"><\/i>\r\n\t\t\r\n\t\t\t\t\t \r\n\t\t\t\t<\/a>\r\n\t\t\t\n \r\n\t\t\t\r\n\t\t<\/div>\r\n\t\n\n\r\n\t\t<div  class=\"block-fd7c2f04-97d9-407e-8d39-8ff35bcdaa6d col areoi-element text-center\">\r\n\t\t\t\r\n\t\t\t\n\n<figure class=\"wp-block-image size-full is-resized\"><img loading=\"lazy\" decoding=\"async\" width=\"150\" height=\"150\" src=\"https:\/\/arm.assisi-spa.it\/wp-content\/uploads\/2024\/07\/logo-IATF-ENG.png\" alt=\"\" class=\"wp-image-2410\" style=\"width:112px;height:112px\"\/><\/figure>\n\n\n\r\n\t\t\t\t\r\n\t\t<a \r\n\t\t\t\r\n\t\t\tclass=\"block-f81b83d2-00ac-4d9c-8206-6cf5bdc7b674 btn areoi-has-url position-relative rounded-pill text-uppercase btn-outline-light btn-sm\"\r\n\t href=\"https:\/\/arm.assisi-spa.it\/wp-content\/uploads\/2024\/07\/IATF-en.pdf\" rel=\"noreferrer noopener\" target=\"_blank\" >\r\n\t\t\t\t\t\r\n\t\t\t\t\tIATF 16949 \r\n\t\t\t\t\t\r\n\t\t\t<i class=\"bi-download ms-3 align-middle \" style=\"font-size: 24px;\"><\/i>\r\n\t\t\r\n\t\t\t\t\t \r\n\t\t\t\t<\/a>\r\n\t\t\t\n \r\n\t\t\t\r\n\t\t<\/div>\r\n\t\n\n\r\n\t\t<div  class=\"block-b67a555b-1bfd-4bfd-ae5c-eac3024e099c col areoi-element text-center\">\r\n\t\t\t\r\n\t\t\t\n\n<figure class=\"wp-block-image size-full is-resized\"><img loading=\"lazy\" decoding=\"async\" width=\"480\" height=\"480\" src=\"https:\/\/arm.assisi-spa.it\/wp-content\/uploads\/2026\/01\/14001_gm_it.jpeg\" alt=\"\" class=\"wp-image-2990\" style=\"width:112px;height:112px\" srcset=\"https:\/\/arm.assisi-spa.it\/wp-content\/uploads\/2026\/01\/14001_gm_it.jpeg 480w, https:\/\/arm.assisi-spa.it\/wp-content\/uploads\/2026\/01\/14001_gm_it-300x300.jpeg 300w, https:\/\/arm.assisi-spa.it\/wp-content\/uploads\/2026\/01\/14001_gm_it-150x150.jpeg 150w\" sizes=\"auto, (max-width: 480px) 100vw, 480px\" \/><\/figure>\n\n\n\r\n\t\t\t\t\r\n\t\t<a \r\n\t\t\t\r\n\t\t\tclass=\"block-b232c9f5-66be-47f1-a099-a7ae2fc6d0d8 btn areoi-has-url position-relative rounded-pill text-uppercase btn-outline-light btn-sm\"\r\n\t href=\"https:\/\/arm.assisi-spa.it\/wp-content\/uploads\/2026\/01\/908946_it_53582.pdf\" rel=\"noreferrer noopener\" target=\"_blank\" >\r\n\t\t\t\t\t\r\n\t\t\t\t\tIATF 16949 \r\n\t\t\t\t\t\r\n\t\t\t<i class=\"bi-download ms-3 align-middle \" style=\"font-size: 24px;\"><\/i>\r\n\t\t\r\n\t\t\t\t\t \r\n\t\t\t\t<\/a>\r\n\t\t\t\n \r\n\t\t\t\r\n\t\t<\/div>\r\n\t\n \r\n\t\t<\/div>\r\n\t","protected":false},"excerpt":{"rendered":"<p>Nous offrons toujours la meilleure qualit\u00e9<\/p>\n","protected":false},"author":1,"featured_media":0,"parent":0,"menu_order":2,"comment_status":"closed","ping_status":"closed","template":"","meta":{"footnotes":""},"class_list":["post-880","page","type-page","status-publish","hentry"],"_links":{"self":[{"href":"https:\/\/arm.assisi-spa.it\/fr\/wp-json\/wp\/v2\/pages\/880","targetHints":{"allow":["GET"]}}],"collection":[{"href":"https:\/\/arm.assisi-spa.it\/fr\/wp-json\/wp\/v2\/pages"}],"about":[{"href":"https:\/\/arm.assisi-spa.it\/fr\/wp-json\/wp\/v2\/types\/page"}],"author":[{"embeddable":true,"href":"https:\/\/arm.assisi-spa.it\/fr\/wp-json\/wp\/v2\/users\/1"}],"replies":[{"embeddable":true,"href":"https:\/\/arm.assisi-spa.it\/fr\/wp-json\/wp\/v2\/comments?post=880"}],"version-history":[{"count":6,"href":"https:\/\/arm.assisi-spa.it\/fr\/wp-json\/wp\/v2\/pages\/880\/revisions"}],"predecessor-version":[{"id":3000,"href":"https:\/\/arm.assisi-spa.it\/fr\/wp-json\/wp\/v2\/pages\/880\/revisions\/3000"}],"wp:attachment":[{"href":"https:\/\/arm.assisi-spa.it\/fr\/wp-json\/wp\/v2\/media?parent=880"}],"curies":[{"name":"wp","href":"https:\/\/api.w.org\/{rel}","templated":true}]}}