{"id":878,"date":"2022-10-05T23:52:31","date_gmt":"2022-10-05T21:52:31","guid":{"rendered":"https:\/\/arm.assisi-spa.it\/accueil\/"},"modified":"2023-03-30T12:43:42","modified_gmt":"2023-03-30T10:43:42","slug":"accueil","status":"publish","type":"page","link":"https:\/\/arm.assisi-spa.it\/fr\/","title":{"rendered":"ACCUEIL"},"content":{"rendered":"\n<p style=\"font-size:1.6em\">Entrez dans le monde ARM et d\u00e9couvrez notre production de lingots d&#8217;aluminium<\/p>\n<p><!--more--><\/p>\n\r\n\t\t<div  class=\"block-ed14b55a-2f79-49e9-8bf3-0b7f8bedf317 row areoi-element\">\r\n\t\t\t\r\n\r\n\t\t\t\n\r\n\t\t<div  class=\"block-160492d1-b3a7-4750-b76f-065f60849b82 col areoi-element text-center px-3\">\r\n\t\t\t\r\n\t\t\t\n\n<figure class=\"wp-block-image size-full is-resized mb-4\"><img loading=\"lazy\" decoding=\"async\" src=\"https:\/\/arm.assisi-spa.it\/wp-content\/uploads\/2022\/10\/Icona1.png\" alt=\"\" class=\"wp-image-43\" width=\"134\" height=\"58\"\/><\/figure>\n\n\n<h4 class=\"wp-block-heading text-uppercase\">Primaire<\/h4>\n\n\n\n<h6 class=\"wp-block-heading text-uppercase\">DU RECYCLAGE<\/h6>\n\n \r\n\t\t\t\r\n\t\t<\/div>\r\n\t\n\n\r\n\t\t<div  class=\"block-8036db5d-0434-457d-adde-db0bd5061be1 col areoi-element text-center px-3\">\r\n\t\t\t\r\n\t\t\t\n\n<figure class=\"wp-block-image size-full is-resized mb-4\"><img loading=\"lazy\" decoding=\"async\" src=\"https:\/\/arm.assisi-spa.it\/wp-content\/uploads\/2022\/10\/Icona2.png\" alt=\"\" class=\"wp-image-45\" width=\"134\" height=\"58\"\/><\/figure>\n\n\n<h4 class=\"wp-block-heading text-uppercase\">Semi-primaire<\/h4>\n\n\n\n<h6 class=\"wp-block-heading text-uppercase\">DU RECYCLAGE<\/h6>\n\n \r\n\t\t\t\r\n\t\t<\/div>\r\n\t\n\n\r\n\t\t<div  class=\"block-be516375-5471-4b2e-bfac-d88a2d63fdc4 col areoi-element text-center px-3\">\r\n\t\t\t\r\n\t\t\t\n\n<figure class=\"wp-block-image size-full is-resized mb-4\"><img loading=\"lazy\" decoding=\"async\" src=\"https:\/\/arm.assisi-spa.it\/wp-content\/uploads\/2022\/10\/Icona3.png\" alt=\"\" class=\"wp-image-44\" width=\"134\" height=\"58\"\/><\/figure>\n\n\n<h4 class=\"wp-block-heading text-uppercase\">Secondaire<\/h4>\n\n\n\n<h6 class=\"wp-block-heading text-uppercase\">DU RECYCLAGE<\/h6>\n\n \r\n\t\t\t\r\n\t\t<\/div>\r\n\t\n \r\n\t\t<\/div>\r\n\t\r\n\t\t<div  class=\"block-b11985dd-17c8-4b24-95d9-3edc21f6be5d w-100 my-5\"><\/div>\r\n\t\r\n\t\t<div  class=\"block-5dccb503-7c6b-48d9-b871-71d7668aafe4 row areoi-element\">\r\n\t\t\t\r\n\r\n\t\t\t\n\r\n\t\t<div  class=\"block-c136c74e-bc97-4d56-8dcf-d06a546d9284 col areoi-element\">\r\n\t\t\t\r\n\t\t\t\n\n<h2 class=\"wp-block-heading\">Choisir, c\u2019est difficile! Dans la vie comme sur le march\u00e9..<\/h2>\n\n\n\n<p>Chez ARM, nous le savons bien et c&#8217;est pourquoi nous souhaitons vous donner quelques conseils.<br\/>Il est impossible d&#8217;obtenir un excellent produit sans passer par une s\u00e9lection, une pr\u00e9paration et un nettoyage minutieux de la ferraille.<\/p>\n\n\n\n<p>Pour ce faire, nous formons et mettons constamment \u00e0 jour nos op\u00e9rateurs afin qu&#8217;ils effectuent ces op\u00e9rations avec pr\u00e9cision en accordant une attention \u00e0 chaque d\u00e9tail ; la commercialisation du produit est le r\u00e9sultat naturel d&#8217;un processus soign\u00e9 dans les moindres d\u00e9tails.<\/p>\n\n \r\n\t\t\t\r\n\t\t<\/div>\r\n\t\n \r\n\t\t<\/div>\r\n\t\r\n\t\t<div  class=\"block-ddba6aa2-c9fb-4b52-afc6-2b468ea223ea row areoi-element\">\r\n\t\t\t\r\n\r\n\t\t\t\n\r\n\t\t<div  class=\"block-7e1577b6-b5fa-45e6-8d5b-3fdad988cc8e col areoi-element\">\r\n\t\t\t\r\n\t\t\t\n\n<h5 class=\"wp-block-heading\">Ensemble pour \u00eatre meilleurs<\/h5>\n\n \r\n\t\t\t\r\n\t\t<\/div>\r\n\t\n \r\n\t\t<\/div>\r\n\t","protected":false},"excerpt":{"rendered":"<p>Entrez dans le monde ARM et d\u00e9couvrez notre production de lingots d&#8217;aluminium<\/p>\n","protected":false},"author":1,"featured_media":0,"parent":0,"menu_order":1,"comment_status":"closed","ping_status":"closed","template":"","meta":{"footnotes":""},"class_list":["post-878","page","type-page","status-publish","hentry"],"_links":{"self":[{"href":"https:\/\/arm.assisi-spa.it\/fr\/wp-json\/wp\/v2\/pages\/878","targetHints":{"allow":["GET"]}}],"collection":[{"href":"https:\/\/arm.assisi-spa.it\/fr\/wp-json\/wp\/v2\/pages"}],"about":[{"href":"https:\/\/arm.assisi-spa.it\/fr\/wp-json\/wp\/v2\/types\/page"}],"author":[{"embeddable":true,"href":"https:\/\/arm.assisi-spa.it\/fr\/wp-json\/wp\/v2\/users\/1"}],"replies":[{"embeddable":true,"href":"https:\/\/arm.assisi-spa.it\/fr\/wp-json\/wp\/v2\/comments?post=878"}],"version-history":[{"count":3,"href":"https:\/\/arm.assisi-spa.it\/fr\/wp-json\/wp\/v2\/pages\/878\/revisions"}],"predecessor-version":[{"id":898,"href":"https:\/\/arm.assisi-spa.it\/fr\/wp-json\/wp\/v2\/pages\/878\/revisions\/898"}],"wp:attachment":[{"href":"https:\/\/arm.assisi-spa.it\/fr\/wp-json\/wp\/v2\/media?parent=878"}],"curies":[{"name":"wp","href":"https:\/\/api.w.org\/{rel}","templated":true}]}}