{"id":418,"date":"2022-10-04T12:06:23","date_gmt":"2022-10-04T10:06:23","guid":{"rendered":"https:\/\/arm.assisi-spa.it\/die-produktionskette\/"},"modified":"2026-01-23T11:11:58","modified_gmt":"2026-01-23T10:11:58","slug":"die-produktionskette","status":"publish","type":"page","link":"https:\/\/arm.assisi-spa.it\/de\/die-produktionskette\/","title":{"rendered":"Die Produktionskette"},"content":{"rendered":"\n<p>Spezifische Werkzeuge auf dem neuesten Stand der Technick<\/p>\n\n\n\n<!--more-->\n\n\n\n<figure class=\"wp-block-image size-large is-resized text-center\"><img loading=\"lazy\" decoding=\"async\" width=\"1024\" height=\"554\" src=\"https:\/\/arm.assisi-spa.it\/wp-content\/uploads\/2022\/10\/Schema-ITA-1024x554.png\" alt=\"\" class=\"wp-image-146\" style=\"width:768px;height:416px\" srcset=\"https:\/\/arm.assisi-spa.it\/wp-content\/uploads\/2022\/10\/Schema-ITA-1024x554.png 1024w, https:\/\/arm.assisi-spa.it\/wp-content\/uploads\/2022\/10\/Schema-ITA-300x162.png 300w, https:\/\/arm.assisi-spa.it\/wp-content\/uploads\/2022\/10\/Schema-ITA-768x415.png 768w, https:\/\/arm.assisi-spa.it\/wp-content\/uploads\/2022\/10\/Schema-ITA-1536x830.png 1536w, https:\/\/arm.assisi-spa.it\/wp-content\/uploads\/2022\/10\/Schema-ITA.png 1770w\" sizes=\"auto, (max-width: 1024px) 100vw, 1024px\" \/><\/figure>\n\n\n\n<div style=\"height:60px\" aria-hidden=\"true\" class=\"wp-block-spacer\"><\/div>\n\n\n\n<h2 class=\"wp-block-heading\" style=\"font-size:78px\">Vorschuss-Holding<\/h2>\n\n\n\n<div style=\"height:30px\" aria-hidden=\"true\" class=\"wp-block-spacer\"><\/div>\n\n\n<div  class=\"wp-block wp-block-bootstrap-blocks-row bootstrap-blocks-builder_b6e911-b0 \"><div class=\"row\">\n<div  class=\"col-xs-12 col-sm-12 col-md-6 col-lg-6 col-xl-6 \"><div class=\"bs-column-wrapper bootstrap-blocks-builder_47574a-53 \">\n\n<figure class=\"wp-block-image size-large is-resized\"><img loading=\"lazy\" decoding=\"async\" width=\"1024\" height=\"329\" src=\"https:\/\/arm.assisi-spa.it\/wp-content\/uploads\/2022\/10\/Logo-Advance-1024x329.png\" alt=\"\" class=\"wp-image-144\" style=\"width:512px;height:165px\" srcset=\"https:\/\/arm.assisi-spa.it\/wp-content\/uploads\/2022\/10\/Logo-Advance-1024x329.png 1024w, https:\/\/arm.assisi-spa.it\/wp-content\/uploads\/2022\/10\/Logo-Advance-300x96.png 300w, https:\/\/arm.assisi-spa.it\/wp-content\/uploads\/2022\/10\/Logo-Advance-768x247.png 768w, https:\/\/arm.assisi-spa.it\/wp-content\/uploads\/2022\/10\/Logo-Advance.png 1282w\" sizes=\"auto, (max-width: 1024px) 100vw, 1024px\" \/><\/figure>\n\n<\/div><\/div>\n\n<div  class=\"col-xs-12 col-sm-12 col-md-3 col-lg-3 col-xl-3 \"><div class=\"bs-column-wrapper bootstrap-blocks-builder_6913f8-72 \">\n\n<h3 class=\"wp-block-heading has-text-align-center text-uppercase\" style=\"font-size:18px\">BIS HEUTE INVESTIERTE<br>MILIONEN<\/h3>\n\n\n\n<h4 class=\"wp-block-heading has-text-align-center ff-hsrel has-x-large-font-size\">30<\/h4>\n\n<\/div><\/div>\n\n<div  class=\"col-xs-12 col-sm-12 col-md-3 col-lg-3 col-xl-3 \"><div class=\"bs-column-wrapper bootstrap-blocks-builder_7a11b9-7f \">\n\n<h3 class=\"wp-block-heading has-text-align-center text-uppercase\" style=\"font-size:18px\">FESTANGESTELLTE MITARBEITER<br><\/h3>\n\n\n\n<h4 class=\"wp-block-heading has-text-align-center ff-hsrel has-x-large-font-size\">150<\/h4>\n\n<\/div><\/div>\n<\/div><\/div>\n\n<div  class=\"wp-block wp-block-bootstrap-blocks-row bootstrap-blocks-builder_14e5a4-59 \"><div class=\"row\">\n<div  class=\"col-xs-12 col-sm-12 col-md-6 col-lg-3 col-xl-3 \"><div class=\"bs-column-wrapper bootstrap-blocks-builder_2b682a-75 \">\n\n<h3 class=\"wp-block-heading has-text-align-center text-uppercase\" style=\"font-size:18px\">BELIEFERTE<br>L\u00c4NDER<\/h3>\n\n\n\n<h4 class=\"wp-block-heading has-text-align-center ff-hsrel has-x-large-font-size\">40<\/h4>\n\n<\/div><\/div>\n\n<div  class=\"col-xs-12 col-sm-12 col-md-6 col-lg-3 col-xl-3 \"><div class=\"bs-column-wrapper bootstrap-blocks-builder_dd20f9-bf \">\n\n<h3 class=\"wp-block-heading has-text-align-center text-uppercase\" style=\"font-size:18px\">METALLPRODUKTION<br>SEIT 1963<\/h3>\n\n\n\n<h4 class=\"wp-block-heading has-text-align-center ff-hsrel has-x-large-font-size\">1963<\/h4>\n\n<\/div><\/div>\n\n<div  class=\"col-xs-12 col-sm-12 col-md-6 col-lg-3 col-xl-3 \"><div class=\"bs-column-wrapper bootstrap-blocks-builder_5eee5d-e6 \">\n\n<h3 class=\"wp-block-heading has-text-align-center text-uppercase\" style=\"font-size:18px\">PHYSISCHE<br>PRODUKTIONSST\u00c4TTEN<\/h3>\n\n\n\n<h4 class=\"wp-block-heading has-text-align-center ff-hsrel has-x-large-font-size\">2<\/h4>\n\n<\/div><\/div>\n\n<div  class=\"col-xs-12 col-sm-12 col-md-6 col-lg-3 col-xl-3 \"><div class=\"bs-column-wrapper bootstrap-blocks-builder_6fad8b-86 \">\n\n<h3 class=\"wp-block-heading has-text-align-center text-uppercase\" style=\"font-size:18px\">PROBENAHME<br>PRO JAHR<\/h3>\n\n\n\n<h4 class=\"wp-block-heading has-text-align-center ff-hsrel has-x-large-font-size\">5800<\/h4>\n\n<\/div><\/div>\n<\/div><\/div>\n\n\n<div style=\"height:60px\" aria-hidden=\"true\" class=\"wp-block-spacer\"><\/div>\n\n\n\r\n\t\t\t\t\r\n\t\t<a \r\n\t\t\t\r\n\t\t\tclass=\"block-a7b35f4f-0d21-4cea-b335-8df96aa62fd7 btn areoi-has-url position-relative rounded-pill text-uppercase mb-3 btn-outline-light Medium\"\r\n\t href=\"https:\/\/arm.assisi-spa.it\/wp-content\/uploads\/2026\/01\/01.-CODE-OF-ETHICS-ADH-ARM-ARM-REV-06.pdf\" rel=\"noreferrer noopener\" target=\"_blank\" >\r\n\t\t\t\t\t\r\n\t\t\t\t\tEthischer Kodex \r\n\t\t\t\t\t\r\n\t\t\t<i class=\"bi-download ms-3 align-middle \" style=\"font-size: 24px;\"><\/i>\r\n\t\t\r\n\t\t\t\t\t \r\n\t\t\t\t<\/a>\r\n\t\t\t\n\n\r\n\t\t\t\t\r\n\t\t<a \r\n\t\t\t\r\n\t\t\tclass=\"block-d6a086c0-c6d2-416f-9b31-6a771f4cc842 btn areoi-has-url position-relative rounded-pill text-uppercase mb-3 btn-outline-light Medium\"\r\n\t href=\"https:\/\/arm.assisi-spa.it\/wp-content\/uploads\/2026\/01\/2025_CARBON-FOOTPRINT-QUANTIFICATION-2024-ing.pdf\" rel=\"noreferrer noopener\" target=\"_blank\" >\r\n\t\t\t\t\t\r\n\t\t\t\t\tCARBON FOOTPRINT \r\n\t\t\t\t\t\r\n\t\t\t<i class=\"bi-download ms-3 align-middle \" style=\"font-size: 24px;\"><\/i>\r\n\t\t\r\n\t\t\t\t\t \r\n\t\t\t\t<\/a>\r\n\t\t\t\n\n\r\n\t\t\t\t\r\n\t\t<a \r\n\t\t\t\r\n\t\t\tclass=\"block-c14adbae-0a70-4d85-a072-3ce2a11e496a btn areoi-has-url position-relative rounded-pill text-uppercase mb-3 d-none btn-outline-light Medium\"\r\n\t href=\"https:\/\/arm.assisi-spa.it\/wp-content\/uploads\/2026\/01\/30.-MOG-ASSISI-RECYCLING-MACLODIO-REV.07.pdf\" rel=\"noreferrer noopener\" target=\"_blank\" >\r\n\t\t\t\t\t\r\n\t\t\t\t\tModello organizzativo di gestione e controllo 231 \r\n\t\t\t\t\t\r\n\t\t\t<i class=\"bi-download ms-3 align-middle \" style=\"font-size: 24px;\"><\/i>\r\n\t\t\r\n\t\t\t\t\t \r\n\t\t\t\t<\/a>\r\n\t\t\t\n\n\n<div style=\"height:60px\" aria-hidden=\"true\" class=\"wp-block-spacer\"><\/div>\n\n\n\n<h2 class=\"wp-block-heading\" style=\"font-size:78px\">Assisi Raffineria Metalli<\/h2>\n\n\n\n<div style=\"height:60px\" aria-hidden=\"true\" class=\"wp-block-spacer\"><\/div>\n\n\n\n<p>Assisi Raffineria Metalli ist ein Unternehmen, das sich auf die R\u00fcckgewinnung von Rohstoffen spezialisiert hat; diese werden durch ein industrielles Verfahren selektiert und sortiert, um Nichteisenschrott in hochwertige Produkte umzuwandeln, die in den Produktionskreislauf zur\u00fcckgef\u00fchrt werden und dem Metall neues Leben einhauchen. <br>Die Anlage ist mit modernen Ger\u00e4ten ausgestattet, die eine ganzheitliche Steuerung des Verarbeitungsprozesses erm\u00f6glichen, der erst nach einer sorgf\u00e4ltigen Eingangskontrolle des Materials in Gang gesetzt wird.<\/p>\n\n\n\n<p>Die Anlage ist mit Zerkleinerungs-, Flotations-, Selektions-, Trocknungs- und manuellen oder mechanischen Sortiereinrichtungen ausgestattet, um die gesamte Schrottaufbereitung zu \u00fcberwachen. Dank der internen Flotationsanlage produziert Assisi Raffineria Metalli flotiertes Aluminium, das f\u00fcr Raffinerien und Gie\u00dfereien bestimmt ist, gem\u00e4\u00df RE 333\/2001 \u201eEnd of Waste\u201c. Jedes Produkt ist Ausdruck eines kontrollierten und zertifizierten internen Prozesses.<\/p>\n\n\n\r\n\t\t<div  class=\"block-2d1d40f4-d3ff-4ce1-b67c-3aae389ea7cd col areoi-element\">\r\n\t\t\t\r\n\t\t\t \r\n\t\t\t\r\n\t\t<\/div>\r\n\t","protected":false},"excerpt":{"rendered":"<p>Spezifische Werkzeuge auf dem neuesten Stand der Technick<\/p>\n","protected":false},"author":1,"featured_media":0,"parent":0,"menu_order":3,"comment_status":"closed","ping_status":"closed","template":"","meta":{"footnotes":""},"class_list":["post-418","page","type-page","status-publish","hentry"],"_links":{"self":[{"href":"https:\/\/arm.assisi-spa.it\/de\/wp-json\/wp\/v2\/pages\/418","targetHints":{"allow":["GET"]}}],"collection":[{"href":"https:\/\/arm.assisi-spa.it\/de\/wp-json\/wp\/v2\/pages"}],"about":[{"href":"https:\/\/arm.assisi-spa.it\/de\/wp-json\/wp\/v2\/types\/page"}],"author":[{"embeddable":true,"href":"https:\/\/arm.assisi-spa.it\/de\/wp-json\/wp\/v2\/users\/1"}],"replies":[{"embeddable":true,"href":"https:\/\/arm.assisi-spa.it\/de\/wp-json\/wp\/v2\/comments?post=418"}],"version-history":[{"count":20,"href":"https:\/\/arm.assisi-spa.it\/de\/wp-json\/wp\/v2\/pages\/418\/revisions"}],"predecessor-version":[{"id":2986,"href":"https:\/\/arm.assisi-spa.it\/de\/wp-json\/wp\/v2\/pages\/418\/revisions\/2986"}],"wp:attachment":[{"href":"https:\/\/arm.assisi-spa.it\/de\/wp-json\/wp\/v2\/media?parent=418"}],"curies":[{"name":"wp","href":"https:\/\/api.w.org\/{rel}","templated":true}]}}