{"id":416,"date":"2022-10-04T12:05:32","date_gmt":"2022-10-04T10:05:32","guid":{"rendered":"https:\/\/arm.assisi-spa.it\/qualitaet\/"},"modified":"2026-01-29T09:30:32","modified_gmt":"2026-01-29T08:30:32","slug":"qualitaet","status":"publish","type":"page","link":"https:\/\/arm.assisi-spa.it\/de\/qualitaet\/","title":{"rendered":"QUALIT\u00c4T"},"content":{"rendered":"<p>Wir liefern immer die beste Qualit\u00e4t<br \/><!--more--><\/p>\n\n\n<p>Gemeinsam, um besser zu sein, gemeinsam, um die Besten zu sein. Die Geschichte und die Bodenst\u00e4ndigkeit von Assisi Raffineria Metalli verbinden sich mit der Frische und der Dynamik von Assisi Recycling Maclodio und garantieren Zuverl\u00e4ssigkeit und Innovation.<\/p>\n\n\n\n<div style=\"height:60px\" aria-hidden=\"true\" class=\"wp-block-spacer\"><\/div>\n\n\n\r\n\t\t<div  class=\"block-208bba7c-060b-4b60-af3b-1015120e315b row areoi-element\">\r\n\t\t\t\r\n\r\n\t\t\t\n\r\n\t\t<div  class=\"block-b664b382-0e4d-4e6f-ad95-1994178c9fc6 col areoi-element text-center\">\r\n\t\t\t\r\n\t\t\t\n\n<figure class=\"wp-block-image size-full is-resized\"><img loading=\"lazy\" decoding=\"async\" width=\"144\" height=\"195\" src=\"https:\/\/arm.assisi-spa.it\/wp-content\/uploads\/2022\/10\/icona-moderne-linee-fusorie.png\" alt=\"\" class=\"wp-image-93\" style=\"width:72px;height:98px\"\/><\/figure>\n\n\n\n<h2 class=\"wp-block-heading\">Moderne<br>Gie\u00dfereilinien<\/h2>\n\n \r\n\t\t\t\r\n\t\t<\/div>\r\n\t\n\n\r\n\t\t<div  class=\"block-5caeefdf-af18-4a35-b1d8-dedbc509dfec col areoi-element text-center\">\r\n\t\t\t\r\n\t\t\t\n\n<figure class=\"wp-block-image size-full is-resized\"><img loading=\"lazy\" decoding=\"async\" width=\"170\" height=\"195\" src=\"https:\/\/arm.assisi-spa.it\/wp-content\/uploads\/2022\/10\/icona-rottami-selezionati.png\" alt=\"\" class=\"wp-image-94\" style=\"width:85px;height:98px\"\/><\/figure>\n\n\n\n<h2 class=\"wp-block-heading\">Ausgew\u00e4hlter<br>Ausgew\u00e4hlter<\/h2>\n\n \r\n\t\t\t\r\n\t\t<\/div>\r\n\t\n\n\r\n\t\t<div  class=\"block-4ab122c1-30a4-4aee-8c58-aeb634a48541 col areoi-element text-center\">\r\n\t\t\t\r\n\t\t\t\n\n<figure class=\"wp-block-image size-full is-resized\"><img loading=\"lazy\" decoding=\"async\" width=\"240\" height=\"175\" src=\"https:\/\/arm.assisi-spa.it\/wp-content\/uploads\/2022\/10\/icona-sicurezza-ambientale.png\" alt=\"\" class=\"wp-image-95\" style=\"width:120px;height:88px\"\/><\/figure>\n\n\n\n<h2 class=\"wp-block-heading\">Schrott<br>Umweltschutz<\/h2>\n\n \r\n\t\t\t\r\n\t\t<\/div>\r\n\t\n \r\n\t\t<\/div>\r\n\t\n\n\n<div style=\"height:60px\" aria-hidden=\"true\" class=\"wp-block-spacer\"><\/div>\n\n\n\r\n\t\t<div  class=\"block-1ed673bb-757c-4df5-82d1-5deee64e840d row areoi-element\">\r\n\t\t\t\r\n\r\n\t\t\t\n\r\n\t\t<div  class=\"block-e987bfbe-c951-4a15-9107-c8ecabac3f1b col areoi-element\">\r\n\t\t\t\r\n\t\t\t\n\r\n\t\t<div  class=\"block-7f742a73-026a-4819-9433-5132f1421559 row areoi-element\">\r\n\t\t\t\r\n\r\n\t\t\t\n\r\n\t\t<div  class=\"block-803fa9d7-29d5-4aa0-84b7-3db2143f5966 col areoi-element px-5 py-4 col-12 col-lg-9   text-light\">\r\n\t\t\t\r\n\t\t<div class=\"areoi-background  \">\r\n\t\t\t<div class=\"container-fluid\" style=\"padding: 0;\">\r\n\t\t\t\t<div class=\"row justify-content-start\">\r\n\t\t\t\t\t<div class=\"col \">\r\n\t\t\t            <div class=\"areoi-background__color\" \r\n\t                        \tstyle=\"background: rgba(0, 84, 124,1)\">\r\n\t                        <\/div>\r\n\r\n\t                    \r\n\r\n\t                    \r\n\r\n\t                    \r\n\t    \t\t\t<\/div>\r\n\t    \t\t<\/div>\r\n\t    \t<\/div>\r\n\t    <\/div>\r\n\t\r\n\t\t\t\n\n<p class=\"mb-0\">Was l\u00e4sst uns glauben,<br>dass wir hochwertige Aluminiumbarren herstellen?<\/p>\n\n \r\n\t\t\t\r\n\t\t<\/div>\r\n\t\n\n\r\n\t\t<div  class=\"block-b66b7836-2c0d-4d13-b338-a01cf92b28dd col areoi-element\">\r\n\t\t\t\r\n\t\t\t \r\n\t\t\t\r\n\t\t<\/div>\r\n\t\n \r\n\t\t<\/div>\r\n\t\n\n\r\n\t\t<div  class=\"block-95fa4724-00c3-4b57-9202-266311d26282 row areoi-element\">\r\n\t\t\t\r\n\r\n\t\t\t\n\r\n\t\t<div  class=\"block-05056a45-4ccd-4377-8fe7-4ab8c38532ca col areoi-element col-lg-1 d-none d-sm-block\">\r\n\t\t\t\r\n\t\t\t\n\n<p><\/p>\n\n \r\n\t\t\t\r\n\t\t<\/div>\r\n\t\n\n\r\n\t\t<div  class=\"block-7b5e0cde-58d2-496d-a2a2-b6b715c38576 col areoi-element px-5 py-4 col-12   text-dark\">\r\n\t\t\t\r\n\t\t<div class=\"areoi-background  \">\r\n\t\t\t<div class=\"container-fluid\" style=\"padding: 0;\">\r\n\t\t\t\t<div class=\"row justify-content-start\">\r\n\t\t\t\t\t<div class=\"col \">\r\n\t\t\t            <div class=\"areoi-background__color\" \r\n\t                        \tstyle=\"background: rgba(217, 221, 224,1)\">\r\n\t                        <\/div>\r\n\r\n\t                    \r\n\r\n\t                    \r\n\r\n\t                    \r\n\t    \t\t\t<\/div>\r\n\t    \t\t<\/div>\r\n\t    \t<\/div>\r\n\t    <\/div>\r\n\t\r\n\t\t\t\n\n<p class=\" mb-0\">Wir untersuchen kontinuierlich die Schmelz- und Metallurgieprozesse, um \u00fcber ein Know-how auf h\u00f6chstem Niveau zu verf\u00fcgen. Wir investieren in hochmoderne Produktionsanlagen und bewerten t\u00e4glich deren Leistung.<\/p>\n\n\n\n<div class=\"wp-block-areoi-icon areoi-icon text-lg-end  mt-n3\"><i class=\"text-primary bi-chevron-right \" style=\"font-size:48px\"><\/i><\/div>\n\n \r\n\t\t\t\r\n\t\t<\/div>\r\n\t\n \r\n\t\t<\/div>\r\n\t\n \r\n\t\t\t\r\n\t\t<\/div>\r\n\t\n\n\r\n\t\t<div  class=\"block-9c26ae69-fe5c-4947-8637-b3a136bfb908 col areoi-element px-5 align-self-start\">\r\n\t\t\t\r\n\t\t\t\n\n<p>\u2022 Wir sind mit CFF-Filterung mit verschiedenen Filterungsstufen (10-20-30 PPI und h\u00f6her) ausgestattet<br>\u2022 Wir \u00fcberpr\u00fcfen die Dichte<br>\u2022 Controlliamo gli ossidi utilizzando K-molds<br>\u2022 Wir bieten f\u00fcr unsere Produkte 17 verschiedene Verpackungarten; alle bestehen zu 100 % aus PET, das aus wiederverwerteten Kunststoffen gewonnen wird<br>\u2022 Wir sind mit Forschungszentren und Universit\u00e4ten im Dialog und arbeiten Projekte zusammen aus<\/p>\n\n \r\n\t\t\t\r\n\t\t<\/div>\r\n\t\n \r\n\t\t<\/div>\r\n\t\n\n\n<div style=\"height:60px\" aria-hidden=\"true\" class=\"wp-block-spacer\"><\/div>\n\n\n\r\n\t\t<div  class=\"block-6093296a-943d-40a5-a1c3-da4a2ba3cd37 row areoi-element\">\r\n\t\t\t\r\n\r\n\t\t\t\n\r\n\t\t<div  class=\"block-b3776c3a-8f01-4ad3-a4a2-0ac1a8a07213 col areoi-element\">\r\n\t\t\t\r\n\t\t\t\n\n<p>Ist es notwendig, das Vorhandensein von Oxyden zu beseitigen?<br><br>Wir verf\u00fcgen \u00fcber ein modernes Gie\u00dfsystem, das dies garantiert, indem es die von herk\u00f6mmlichen Gie\u00dfr\u00e4dern erzeugten Oxidgrate beseitigt und sie durch vorgeformten Kan\u00e4len reduzieren;<br>letztere leiten auch Feuchtigkeit ab.<\/p>\n\n \r\n\t\t\t\r\n\t\t<\/div>\r\n\t\n \r\n\t\t<\/div>\r\n\t\n\n\r\n\t\t<div  class=\"block-e0b9bdc5-b229-44fd-97ff-ccfd55930417 row areoi-element\">\r\n\t\t\t\r\n\r\n\t\t\t\n\r\n\t\t<div  class=\"block-c8c00593-aa1c-411a-87fe-d782de1d5d51 col areoi-element text-center\">\r\n\t\t\t\r\n\t\t\t \r\n\t\t\t\r\n\t\t<\/div>\r\n\t\n\n\r\n\t\t<div  class=\"block-b67ea842-3b71-4c82-8992-ea7282f34418 col areoi-element text-center\">\r\n\t\t\t\r\n\t\t\t\n\n<figure class=\"wp-block-image size-full is-resized\"><img loading=\"lazy\" decoding=\"async\" width=\"150\" height=\"150\" src=\"https:\/\/arm.assisi-spa.it\/wp-content\/uploads\/2024\/07\/logo-ISO-9001.png\" alt=\"\" class=\"wp-image-2418\" style=\"width:112px;height:112px\"\/><\/figure>\n\n\n\r\n\t\t\t\t\r\n\t\t<a \r\n\t\t\t\r\n\t\t\tclass=\"block-d0dc92ed-763d-422e-bbcd-64c9122c1854 btn areoi-has-url position-relative rounded-pill text-uppercase btn-outline-light btn-sm\"\r\n\t href=\"https:\/\/arm.assisi-spa.it\/wp-content\/uploads\/2024\/07\/9001-en.pdf\" rel=\"noreferrer noopener\" target=\"_blank\" >\r\n\t\t\t\t\t\r\n\t\t\t\t\tISO 9001 \r\n\t\t\t\t\t\r\n\t\t\t<i class=\"bi-download ms-3 align-middle \" style=\"font-size: 24px;\"><\/i>\r\n\t\t\r\n\t\t\t\t\t \r\n\t\t\t\t<\/a>\r\n\t\t\t\n \r\n\t\t\t\r\n\t\t<\/div>\r\n\t\n\n\r\n\t\t<div  class=\"block-fd7c2f04-97d9-407e-8d39-8ff35bcdaa6d col areoi-element text-center\">\r\n\t\t\t\r\n\t\t\t\n\n<figure class=\"wp-block-image size-full is-resized\"><img loading=\"lazy\" decoding=\"async\" width=\"150\" height=\"150\" src=\"https:\/\/arm.assisi-spa.it\/wp-content\/uploads\/2024\/07\/logo-IATF-ENG.png\" alt=\"\" class=\"wp-image-2410\" style=\"width:112px;height:112px\"\/><\/figure>\n\n\n\r\n\t\t\t\t\r\n\t\t<a \r\n\t\t\t\r\n\t\t\tclass=\"block-f81b83d2-00ac-4d9c-8206-6cf5bdc7b674 btn areoi-has-url position-relative rounded-pill text-uppercase btn-outline-light btn-sm\"\r\n\t href=\"https:\/\/arm.assisi-spa.it\/wp-content\/uploads\/2024\/07\/IATF-en.pdf\" rel=\"noreferrer noopener\" target=\"_blank\" >\r\n\t\t\t\t\t\r\n\t\t\t\t\tIATF 16949 \r\n\t\t\t\t\t\r\n\t\t\t<i class=\"bi-download ms-3 align-middle \" style=\"font-size: 24px;\"><\/i>\r\n\t\t\r\n\t\t\t\t\t \r\n\t\t\t\t<\/a>\r\n\t\t\t\n \r\n\t\t\t\r\n\t\t<\/div>\r\n\t\n\n\r\n\t\t<div  class=\"block-fcf3a32e-180f-4aee-a551-ab7f782f7721 col areoi-element text-center\">\r\n\t\t\t\r\n\t\t\t\n\n<figure class=\"wp-block-image size-full is-resized\"><img loading=\"lazy\" decoding=\"async\" width=\"480\" height=\"480\" src=\"https:\/\/arm.assisi-spa.it\/wp-content\/uploads\/2026\/01\/14001_gm_it.jpeg\" alt=\"\" class=\"wp-image-2991\" style=\"width:112px;height:112px\" srcset=\"https:\/\/arm.assisi-spa.it\/wp-content\/uploads\/2026\/01\/14001_gm_it.jpeg 480w, https:\/\/arm.assisi-spa.it\/wp-content\/uploads\/2026\/01\/14001_gm_it-300x300.jpeg 300w, https:\/\/arm.assisi-spa.it\/wp-content\/uploads\/2026\/01\/14001_gm_it-150x150.jpeg 150w\" sizes=\"auto, (max-width: 480px) 100vw, 480px\" \/><\/figure>\n\n\n\r\n\t\t\t\t\r\n\t\t<a \r\n\t\t\t\r\n\t\t\tclass=\"block-b7cb3618-3023-41d6-ba22-24bfa38a9ae7 btn areoi-has-url position-relative rounded-pill text-uppercase btn-outline-light btn-sm\"\r\n\t href=\"https:\/\/arm.assisi-spa.it\/wp-content\/uploads\/2026\/01\/908946_it_53582.pdf\" rel=\"noreferrer noopener\" target=\"_blank\" >\r\n\t\t\t\t\t\r\n\t\t\t\t\tIATF 16949 \r\n\t\t\t\t\t\r\n\t\t\t<i class=\"bi-download ms-3 align-middle \" style=\"font-size: 24px;\"><\/i>\r\n\t\t\r\n\t\t\t\t\t \r\n\t\t\t\t<\/a>\r\n\t\t\t\n \r\n\t\t\t\r\n\t\t<\/div>\r\n\t\n \r\n\t\t<\/div>\r\n\t","protected":false},"excerpt":{"rendered":"<p>Wir liefern immer die beste Qualit\u00e4t<\/p>\n","protected":false},"author":1,"featured_media":0,"parent":0,"menu_order":2,"comment_status":"closed","ping_status":"closed","template":"","meta":{"footnotes":""},"class_list":["post-416","page","type-page","status-publish","hentry"],"_links":{"self":[{"href":"https:\/\/arm.assisi-spa.it\/de\/wp-json\/wp\/v2\/pages\/416","targetHints":{"allow":["GET"]}}],"collection":[{"href":"https:\/\/arm.assisi-spa.it\/de\/wp-json\/wp\/v2\/pages"}],"about":[{"href":"https:\/\/arm.assisi-spa.it\/de\/wp-json\/wp\/v2\/types\/page"}],"author":[{"embeddable":true,"href":"https:\/\/arm.assisi-spa.it\/de\/wp-json\/wp\/v2\/users\/1"}],"replies":[{"embeddable":true,"href":"https:\/\/arm.assisi-spa.it\/de\/wp-json\/wp\/v2\/comments?post=416"}],"version-history":[{"count":6,"href":"https:\/\/arm.assisi-spa.it\/de\/wp-json\/wp\/v2\/pages\/416\/revisions"}],"predecessor-version":[{"id":2999,"href":"https:\/\/arm.assisi-spa.it\/de\/wp-json\/wp\/v2\/pages\/416\/revisions\/2999"}],"wp:attachment":[{"href":"https:\/\/arm.assisi-spa.it\/de\/wp-json\/wp\/v2\/media?parent=416"}],"curies":[{"name":"wp","href":"https:\/\/api.w.org\/{rel}","templated":true}]}}